{"id":33,"date":"2020-06-21T18:50:22","date_gmt":"2020-06-21T16:50:22","guid":{"rendered":"http:\/\/127.0.0.1:81\/olak\/?page_id=33"},"modified":"2020-07-06T15:16:04","modified_gmt":"2020-07-06T13:16:04","slug":"kontakt","status":"publish","type":"page","link":"https:\/\/komornik-pragapoludnie.com.pl\/?page_id=33","title":{"rendered":"Kontakt"},"content":{"rendered":"<table style=\"border-collapse: collapse; width: 100%;\">\n<tbody>\n<tr>\n<td style=\"width: 50%;\">Komornik S\u0105dowy przy S\u0105dzie Rejonowym dla Warszawy Pragi-Po\u0142udnie Tomasz Olak<\/p>\n<p>Kancelaria Komornicza nr XXVIII w Warszawie<\/p>\n<p>ul. Floriana Znanieckiego 12\/101<br \/>\n03-980 Warszawa<\/p>\n<p>Tel.: (22) 2543859<br \/>\nTel.: 511 105 211<br \/>\nemail: warszawa.olak@komornik.pl<\/p>\n<p>Numer konta bankowego:<br \/>\n55 16001462 1894 3931 9000 0001<\/td>\n<td style=\"width: 50%; text-align: center;\"><div id=\"wpgmza_map\" class=\"wpgmza_map\" data-settings='{\"id\":\"1\",\"map_title\":\"Kancelaria\",\"map_width\":\"100\",\"map_height\":\"400\",\"map_start_lat\":\"52.225734\",\"map_start_lng\":\"21.106721\",\"map_start_location\":\"52.22573392916203,21.106720876388334\",\"map_start_zoom\":\"17\",\"default_marker\":\"0\",\"type\":\"1\",\"alignment\":\"4\",\"directions_enabled\":\"1\",\"styling_enabled\":\"0\",\"styling_json\":\"\",\"active\":\"0\",\"kml\":\"\",\"bicycle\":\"0\",\"traffic\":\"0\",\"dbox\":\"1\",\"dbox_width\":\"100\",\"listmarkers\":\"0\",\"listmarkers_advanced\":\"0\",\"filterbycat\":\"0\",\"ugm_enabled\":\"0\",\"ugm_category_enabled\":\"0\",\"fusion\":\"\",\"map_width_type\":\"\\\\%\",\"map_height_type\":\"px\",\"mass_marker_support\":\"1\",\"ugm_access\":\"0\",\"order_markers_by\":\"1\",\"order_markers_choice\":\"2\",\"show_user_location\":\"0\",\"default_to\":\"\",\"other_settings\":{\"store_locator_enabled\":2,\"store_locator_distance\":2,\"store_locator_default_radius\":10,\"store_locator_not_found_message\":\"No results found in this location. Please try again.\",\"store_locator_bounce\":1,\"store_locator_query_string\":\"ZIP \\\/ Address:\",\"store_locator_default_address\":\"\",\"wpgmza_store_locator_restrict\":\"\",\"wpgmza_store_locator_radius_style\":\"modern\",\"map_max_zoom\":\"1\",\"transport_layer\":0,\"wpgmza_show_points_of_interest\":0,\"wpgmza_auto_night\":0}}' data-map-id='1' Data-maps-engine='open-layers' data-shortcode-attributes='{\"id\":\"1\"}' style=\"display:block; overflow:auto; width:100%; height:400px; float:left;\"><\/div><\/td>\n<\/tr>\n<\/tbody>\n<\/table>\n<p>&nbsp;<\/p>\n","protected":false},"excerpt":{"rendered":"<p>Komornik S\u0105dowy przy S\u0105dzie Rejonowym dla Warszawy Pragi-Po\u0142udnie Tomasz Olak Kancelaria Komornicza nr XXVIII w Warszawie ul. Floriana Znanieckiego 12\/101 03-980 Warszawa Tel.: (22) 2543859&hellip;<\/p>\n","protected":false},"author":1,"featured_media":0,"parent":0,"menu_order":0,"comment_status":"closed","ping_status":"closed","template":"","meta":{"footnotes":""},"class_list":["post-33","page","type-page","status-publish","hentry"],"_links":{"self":[{"href":"https:\/\/komornik-pragapoludnie.com.pl\/index.php?rest_route=\/wp\/v2\/pages\/33","targetHints":{"allow":["GET"]}}],"collection":[{"href":"https:\/\/komornik-pragapoludnie.com.pl\/index.php?rest_route=\/wp\/v2\/pages"}],"about":[{"href":"https:\/\/komornik-pragapoludnie.com.pl\/index.php?rest_route=\/wp\/v2\/types\/page"}],"author":[{"embeddable":true,"href":"https:\/\/komornik-pragapoludnie.com.pl\/index.php?rest_route=\/wp\/v2\/users\/1"}],"replies":[{"embeddable":true,"href":"https:\/\/komornik-pragapoludnie.com.pl\/index.php?rest_route=%2Fwp%2Fv2%2Fcomments&post=33"}],"version-history":[{"count":4,"href":"https:\/\/komornik-pragapoludnie.com.pl\/index.php?rest_route=\/wp\/v2\/pages\/33\/revisions"}],"predecessor-version":[{"id":110,"href":"https:\/\/komornik-pragapoludnie.com.pl\/index.php?rest_route=\/wp\/v2\/pages\/33\/revisions\/110"}],"wp:attachment":[{"href":"https:\/\/komornik-pragapoludnie.com.pl\/index.php?rest_route=%2Fwp%2Fv2%2Fmedia&parent=33"}],"curies":[{"name":"wp","href":"https:\/\/api.w.org\/{rel}","templated":true}]}}